{"id":122,"date":"2022-02-08T10:55:14","date_gmt":"2022-02-08T09:55:14","guid":{"rendered":"https:\/\/alumiza.com\/professionnels\/?page_id=122"},"modified":"2022-10-12T10:48:07","modified_gmt":"2022-10-12T08:48:07","slug":"mentions-legales","status":"publish","type":"page","link":"https:\/\/alumiza.com\/professionnels\/mentions-legales\/","title":{"rendered":"Mentions l\u00e9gales"},"content":{"rendered":"<p>Le site web Alumiza est la propri\u00e9t\u00e9 exclusive de SARL CIZEAU. Pour toute demande technique, veuillez vous r\u00e9f\u00e9rer \u00e0 l\u2019administrateur :  contact@alumisina.com<\/p>\n<p>SARL CIZEAU dont le si\u00e8ge social est situ\u00e9 Rue des Grands Champs 37260 Monts<br \/>\nCapital : 5 000 Euros<br \/>\nNum\u00e9ro d\u2019immatriculation: 75079955300029 au RCS de Tours<br \/>\nNum\u00e9ro de t\u00e9l\u00e9phone : <a href=\"tel:02472901%2001\">02 47 29 01 01<\/a><\/p>\n<p>\u00c9diteur responsable: Elvis CIZEAU<\/p>\n<h2>H\u00e9bergement<\/h2>\n<p>Ovh si\u00e8ge social se trouve 2 rue Kellermann 59100 Roubaix<\/p>\n<h2>\u00c9diteur<\/h2>\n<p>Ce site web a \u00e9t\u00e9 \u00e9dit\u00e9 par l\u2019agence de communication <a href=\"https:\/\/www.gcommeuneidee.com\/\" target=\"_blank\" rel=\"noopener\">G comme une id\u00e9e<\/a> et publi\u00e9 le 11 octobre 2022.<\/p>\n<ul>\n<li>G comme une id\u00e9e<\/li>\n<li>31 rue Jacques-Marie Rouge \u2013 37000 TOURS<\/li>\n<li>02 47 42 31 50<\/li>\n<\/ul>\n<h2>Propri\u00e9t\u00e9 intellectuelle<\/h2>\n<p>De mani\u00e8re g\u00e9n\u00e9rale, les donn\u00e9es, les programmes, les \u00e9chantillons musicaux, les textes, les informations, les logos, les identit\u00e9s visuelles, les images (anim\u00e9es ou non) et leurs mises en forme, les vid\u00e9os, apparaissant sur ce site sont la propri\u00e9t\u00e9 d&rsquo;Alumiza et sont prot\u00e9g\u00e9es \u00e0 ce titre par les dispositions du <a href=\"https:\/\/www.inpi.fr\/comprendre-la-propriete-intellectuelle\/les-autres-modes-de-protection\/le-droit-dauteur\">droit d\u2019auteur<\/a>.<\/p>\n<p>Tout internaute s\u2019engage \u00e0 ne les utiliser uniquement dans le cadre strict cadre offert par ce site, en respectant la licence nom et vers la licence utilis\u00e9e par le site.<\/p>\n<h2>Responsabilit\u00e9<\/h2>\n<p>Alumiza d\u00e9cline toute responsabilit\u00e9 quant aux \u00e9ventuels dysfonctionnements pouvant survenir sur ce site et entra\u00eener une perte de donn\u00e9es ou une indisponibilit\u00e9 de l\u2019acc\u00e8s aux informations produites sur celui-ci. Alumiza ne peut garantir l\u2019exhaustivit\u00e9 et la v\u00e9racit\u00e9 des informations pr\u00e9sentes sur ce site ainsi que l\u2019absence de modification par un tiers (intrusion, virus). L\u2019internaute est seul responsable de l\u2019utilisation qu\u2019il fait du contenu du site.<\/p>\n<p>Les \u00e9l\u00e9ments pr\u00e9sent\u00e9s sur ce site sont susceptibles de modification sans pr\u00e9avis et sont mis \u00e0 la disposition des internautes, sans aucune garantie d\u2019aucune sorte, expresse ou tacite.<\/p>\n<p>La pr\u00e9sence de liens hypertextes pr\u00e9sents sur ce site ne cr\u00e9e pas une solidarit\u00e9 de responsabilit\u00e9 entre Alumiza et les propri\u00e9taires des autres sites, quant au contenu des sites sur lesquels est redirig\u00e9 l\u2019internaute. Seule la responsabilit\u00e9 des dits sites peut \u00eatre engag\u00e9e.<\/p>\n<h2>Utilisation des Cookies<\/h2>\n<p>Le site d\u2019<a href=\"https:\/\/alumisina.com\/\">alumiza.com<\/a> peut parfois avoir besoin d\u2019implanter un cookie dans votre ordinateur. Un cookie ne nous permet pas de vous identifier; en revanche, il enregistre des informations relatives \u00e0 la navigation de votre ordinateur sur notre site que nous pourrons lire lors de vos visites ult\u00e9rieures.<\/p>\n","protected":false},"excerpt":{"rendered":"<p>Le site web Alumiza est la propri\u00e9t\u00e9 exclusive de SARL CIZEAU. Pour toute demande technique, veuillez vous r\u00e9f\u00e9rer \u00e0 l\u2019administrateur : contact@alumisina.com SARL CIZEAU dont le si\u00e8ge social est situ\u00e9 Rue des Grands Champs 37260 Monts Capital : 5 000 Euros Num\u00e9ro d\u2019immatriculation: 75079955300029 au RCS de Tours Num\u00e9ro de t\u00e9l\u00e9phone : 02 47 29 [&hellip;]<\/p>\n","protected":false},"author":1,"featured_media":0,"parent":0,"menu_order":0,"comment_status":"closed","ping_status":"closed","template":"mentions-legales.php","meta":{"_acf_changed":false,"inline_featured_image":false,"footnotes":""},"class_list":["post-122","page","type-page","status-publish","hentry"],"acf":[],"yoast_head":"<!-- This site is optimized with the Yoast SEO plugin v27.4 - https:\/\/yoast.com\/product\/yoast-seo-wordpress\/ -->\n<title>Mentions l\u00e9gales - Alumiza pour les professionnels<\/title>\n<meta name=\"robots\" content=\"index, follow, max-snippet:-1, max-image-preview:large, max-video-preview:-1\" \/>\n<link rel=\"canonical\" href=\"https:\/\/alumiza.com\/professionnels\/mentions-legales\/\" \/>\n<meta property=\"og:locale\" content=\"fr_FR\" \/>\n<meta property=\"og:type\" content=\"article\" \/>\n<meta property=\"og:title\" content=\"Mentions l\u00e9gales - Alumiza pour les professionnels\" \/>\n<meta property=\"og:description\" content=\"Le site web Alumiza est la propri\u00e9t\u00e9 exclusive de SARL CIZEAU. Pour toute demande technique, veuillez vous r\u00e9f\u00e9rer \u00e0 l\u2019administrateur : contact@alumisina.com SARL CIZEAU dont le si\u00e8ge social est situ\u00e9 Rue des Grands Champs 37260 Monts Capital : 5 000 Euros Num\u00e9ro d\u2019immatriculation: 75079955300029 au RCS de Tours Num\u00e9ro de t\u00e9l\u00e9phone : 02 47 29 [&hellip;]\" \/>\n<meta property=\"og:url\" content=\"https:\/\/alumiza.com\/professionnels\/mentions-legales\/\" \/>\n<meta property=\"og:site_name\" content=\"Alumiza pour les professionnels\" \/>\n<meta property=\"article:modified_time\" content=\"2022-10-12T08:48:07+00:00\" \/>\n<meta name=\"twitter:card\" content=\"summary_large_image\" \/>\n<meta name=\"twitter:label1\" content=\"Dur\u00e9e de lecture estim\u00e9e\" \/>\n\t<meta name=\"twitter:data1\" content=\"2 minutes\" \/>\n<script type=\"application\/ld+json\" class=\"yoast-schema-graph\">{\"@context\":\"https:\\\/\\\/schema.org\",\"@graph\":[{\"@type\":\"WebPage\",\"@id\":\"https:\\\/\\\/alumiza.com\\\/professionnels\\\/mentions-legales\\\/\",\"url\":\"https:\\\/\\\/alumiza.com\\\/professionnels\\\/mentions-legales\\\/\",\"name\":\"Mentions l\u00e9gales - Alumiza pour les professionnels\",\"isPartOf\":{\"@id\":\"https:\\\/\\\/alumiza.com\\\/professionnels\\\/#website\"},\"datePublished\":\"2022-02-08T09:55:14+00:00\",\"dateModified\":\"2022-10-12T08:48:07+00:00\",\"breadcrumb\":{\"@id\":\"https:\\\/\\\/alumiza.com\\\/professionnels\\\/mentions-legales\\\/#breadcrumb\"},\"inLanguage\":\"fr-FR\",\"potentialAction\":[{\"@type\":\"ReadAction\",\"target\":[\"https:\\\/\\\/alumiza.com\\\/professionnels\\\/mentions-legales\\\/\"]}]},{\"@type\":\"BreadcrumbList\",\"@id\":\"https:\\\/\\\/alumiza.com\\\/professionnels\\\/mentions-legales\\\/#breadcrumb\",\"itemListElement\":[{\"@type\":\"ListItem\",\"position\":1,\"name\":\"Home\",\"item\":\"https:\\\/\\\/alumiza.com\\\/professionnels\\\/\"},{\"@type\":\"ListItem\",\"position\":2,\"name\":\"Mentions l\u00e9gales\"}]},{\"@type\":\"WebSite\",\"@id\":\"https:\\\/\\\/alumiza.com\\\/professionnels\\\/#website\",\"url\":\"https:\\\/\\\/alumiza.com\\\/professionnels\\\/\",\"name\":\"Alumiza pour les professionnels\",\"description\":\"Vivez autrement la lumi\u00e8re avec nos menuiseries pour les professionnels\",\"potentialAction\":[{\"@type\":\"SearchAction\",\"target\":{\"@type\":\"EntryPoint\",\"urlTemplate\":\"https:\\\/\\\/alumiza.com\\\/professionnels\\\/?s={search_term_string}\"},\"query-input\":{\"@type\":\"PropertyValueSpecification\",\"valueRequired\":true,\"valueName\":\"search_term_string\"}}],\"inLanguage\":\"fr-FR\"}]}<\/script>\n<!-- \/ Yoast SEO plugin. -->","yoast_head_json":{"title":"Mentions l\u00e9gales - Alumiza pour les professionnels","robots":{"index":"index","follow":"follow","max-snippet":"max-snippet:-1","max-image-preview":"max-image-preview:large","max-video-preview":"max-video-preview:-1"},"canonical":"https:\/\/alumiza.com\/professionnels\/mentions-legales\/","og_locale":"fr_FR","og_type":"article","og_title":"Mentions l\u00e9gales - Alumiza pour les professionnels","og_description":"Le site web Alumiza est la propri\u00e9t\u00e9 exclusive de SARL CIZEAU. Pour toute demande technique, veuillez vous r\u00e9f\u00e9rer \u00e0 l\u2019administrateur : contact@alumisina.com SARL CIZEAU dont le si\u00e8ge social est situ\u00e9 Rue des Grands Champs 37260 Monts Capital : 5 000 Euros Num\u00e9ro d\u2019immatriculation: 75079955300029 au RCS de Tours Num\u00e9ro de t\u00e9l\u00e9phone : 02 47 29 [&hellip;]","og_url":"https:\/\/alumiza.com\/professionnels\/mentions-legales\/","og_site_name":"Alumiza pour les professionnels","article_modified_time":"2022-10-12T08:48:07+00:00","twitter_card":"summary_large_image","twitter_misc":{"Dur\u00e9e de lecture estim\u00e9e":"2 minutes"},"schema":{"@context":"https:\/\/schema.org","@graph":[{"@type":"WebPage","@id":"https:\/\/alumiza.com\/professionnels\/mentions-legales\/","url":"https:\/\/alumiza.com\/professionnels\/mentions-legales\/","name":"Mentions l\u00e9gales - Alumiza pour les professionnels","isPartOf":{"@id":"https:\/\/alumiza.com\/professionnels\/#website"},"datePublished":"2022-02-08T09:55:14+00:00","dateModified":"2022-10-12T08:48:07+00:00","breadcrumb":{"@id":"https:\/\/alumiza.com\/professionnels\/mentions-legales\/#breadcrumb"},"inLanguage":"fr-FR","potentialAction":[{"@type":"ReadAction","target":["https:\/\/alumiza.com\/professionnels\/mentions-legales\/"]}]},{"@type":"BreadcrumbList","@id":"https:\/\/alumiza.com\/professionnels\/mentions-legales\/#breadcrumb","itemListElement":[{"@type":"ListItem","position":1,"name":"Home","item":"https:\/\/alumiza.com\/professionnels\/"},{"@type":"ListItem","position":2,"name":"Mentions l\u00e9gales"}]},{"@type":"WebSite","@id":"https:\/\/alumiza.com\/professionnels\/#website","url":"https:\/\/alumiza.com\/professionnels\/","name":"Alumiza pour les professionnels","description":"Vivez autrement la lumi\u00e8re avec nos menuiseries pour les professionnels","potentialAction":[{"@type":"SearchAction","target":{"@type":"EntryPoint","urlTemplate":"https:\/\/alumiza.com\/professionnels\/?s={search_term_string}"},"query-input":{"@type":"PropertyValueSpecification","valueRequired":true,"valueName":"search_term_string"}}],"inLanguage":"fr-FR"}]}},"_links":{"self":[{"href":"https:\/\/alumiza.com\/professionnels\/wp-json\/wp\/v2\/pages\/122","targetHints":{"allow":["GET"]}}],"collection":[{"href":"https:\/\/alumiza.com\/professionnels\/wp-json\/wp\/v2\/pages"}],"about":[{"href":"https:\/\/alumiza.com\/professionnels\/wp-json\/wp\/v2\/types\/page"}],"author":[{"embeddable":true,"href":"https:\/\/alumiza.com\/professionnels\/wp-json\/wp\/v2\/users\/1"}],"replies":[{"embeddable":true,"href":"https:\/\/alumiza.com\/professionnels\/wp-json\/wp\/v2\/comments?post=122"}],"version-history":[{"count":5,"href":"https:\/\/alumiza.com\/professionnels\/wp-json\/wp\/v2\/pages\/122\/revisions"}],"predecessor-version":[{"id":230,"href":"https:\/\/alumiza.com\/professionnels\/wp-json\/wp\/v2\/pages\/122\/revisions\/230"}],"wp:attachment":[{"href":"https:\/\/alumiza.com\/professionnels\/wp-json\/wp\/v2\/media?parent=122"}],"curies":[{"name":"wp","href":"https:\/\/api.w.org\/{rel}","templated":true}]}}